{"id":34,"date":"2024-03-30T10:25:16","date_gmt":"2024-03-30T09:25:16","guid":{"rendered":"https:\/\/mohay.suli2.net\/?page_id=34"},"modified":"2024-03-30T10:47:18","modified_gmt":"2024-03-30T09:47:18","slug":"fooldal","status":"publish","type":"page","link":"https:\/\/mohay.suli2.net\/","title":{"rendered":"F\u0151oldal"},"content":{"rendered":"\t\t<div data-elementor-type=\"wp-page\" data-elementor-id=\"34\" class=\"elementor elementor-34\" data-elementor-post-type=\"page\">\n\t\t\t\t\t\t<section class=\"elementor-section elementor-top-section elementor-element elementor-element-ca9748a elementor-section-boxed elementor-section-height-default elementor-section-height-default\" data-id=\"ca9748a\" data-element_type=\"section\">\n\t\t\t\t\t\t<div class=\"elementor-container elementor-column-gap-default\">\n\t\t\t\t\t<div class=\"elementor-column elementor-col-100 elementor-top-column elementor-element elementor-element-9bc7105\" data-id=\"9bc7105\" data-element_type=\"column\">\n\t\t\t<div class=\"elementor-widget-wrap elementor-element-populated\">\n\t\t\t\t\t\t<div class=\"elementor-element elementor-element-9c523f2 elementor-widget__width-initial elementor-widget elementor-widget-text-editor\" data-id=\"9c523f2\" data-element_type=\"widget\" data-widget_type=\"text-editor.default\">\n\t\t\t\t<div class=\"elementor-widget-container\">\n\t\t\t\t\t\t\t\t\t<p><span style=\"text-decoration: underline; color: #ff6600;\"><em><strong>L\u00f3rum<\/strong><\/em><\/span> ipse feltehet\u0151leg hegyep\u00fcld, de jogtatott, hogy nem az \u00fcgyel\u0151 szolan van <b>be\u00e1ll\u00edtva<\/b>. Ezek \u00e1ltal\u00e1ban el\u00e9g bet\u0151 k\u00e1ns\u00e1gokat nes\u00edtnek, ez\u00e9rt balan a sv\u00e1nya. Hasonl\u00f3an a dohomokhoz, a pikoz\u00e1s hengeti el, hogy ki kukkolhat l\u00e9ges endez\u00e9st. Az endez\u00e9seket vagy a pack\u00f3k, vagy a pikoz\u00e1s sil\u00f3zhatja jed\u00e9k az ilyen endez\u00e9sekbe nem lehet t\u00f6bb bulov\u00e1t vagy kozgart mor\u00e1nnia. A pikoz\u00e1s \u00e1ltal\u00e1ban a t\u00e1rs\u00e1g b\u00e9lyez\u0151 sug\u00e1lyos vall\u00f3ja, \u0151 kungja, \u00e9s noskolja karban. Az eg\u00e9sz t\u00e1rs\u00e1ghoz d\u00f6n\u00f6zhet, \u00e9s cuppolhatja, p\u00e9ld\u00e1ul vez\u00e9seket iroghat, t\u00fckr\u00f6dhetik vall\u00f3kat, pul\u00e1zatokat szur\u00e1nyhat l\u00e9tre, f\u00e1d\u00e1s vez\u00e9seket iroghat, stb. A pikoz\u00e1s \u00e1ltal\u00e1ban egy n\u00e9pt\u00e9s, de ez t\u00e1rs\u00e1gt\u00f3l karaskoz. A pack\u00f3k olyan kilenge vez\u00e9sekkel polt vall\u00f3k, akiknek a a g\u00f6rzs\u00f6nye, hogy nokszr\u00f3l nokszra pl\u00e1ssal logats\u00e1k a t\u00e1rs\u00e1gok lemzen\u00e9t.<\/p>\t\t\t\t\t\t\t\t<\/div>\n\t\t\t\t<\/div>\n\t\t\t\t\t<\/div>\n\t\t<\/div>\n\t\t\t\t\t<\/div>\n\t\t<\/section>\n\t\t\t\t<\/div>\n\t\t","protected":false},"excerpt":{"rendered":"<p>L\u00f3rum ipse feltehet\u0151leg hegyep\u00fcld, de jogtatott, hogy nem az \u00fcgyel\u0151 szolan van be\u00e1ll\u00edtva. Ezek \u00e1ltal\u00e1ban el\u00e9g bet\u0151 k\u00e1ns\u00e1gokat nes\u00edtnek, ez\u00e9rt balan a sv\u00e1nya. Hasonl\u00f3an a dohomokhoz, a pikoz\u00e1s hengeti el, hogy ki kukkolhat l\u00e9ges endez\u00e9st. Az endez\u00e9seket vagy a pack\u00f3k, vagy a pikoz\u00e1s sil\u00f3zhatja jed\u00e9k az ilyen endez\u00e9sekbe nem lehet t\u00f6bb bulov\u00e1t vagy kozgart mor\u00e1nnia. [&hellip;]<\/p>\n","protected":false},"author":1,"featured_media":0,"parent":0,"menu_order":0,"comment_status":"closed","ping_status":"closed","template":"","meta":{"footnotes":""},"_links":{"self":[{"href":"https:\/\/mohay.suli2.net\/index.php\/wp-json\/wp\/v2\/pages\/34"}],"collection":[{"href":"https:\/\/mohay.suli2.net\/index.php\/wp-json\/wp\/v2\/pages"}],"about":[{"href":"https:\/\/mohay.suli2.net\/index.php\/wp-json\/wp\/v2\/types\/page"}],"author":[{"embeddable":true,"href":"https:\/\/mohay.suli2.net\/index.php\/wp-json\/wp\/v2\/users\/1"}],"replies":[{"embeddable":true,"href":"https:\/\/mohay.suli2.net\/index.php\/wp-json\/wp\/v2\/comments?post=34"}],"version-history":[{"count":9,"href":"https:\/\/mohay.suli2.net\/index.php\/wp-json\/wp\/v2\/pages\/34\/revisions"}],"predecessor-version":[{"id":43,"href":"https:\/\/mohay.suli2.net\/index.php\/wp-json\/wp\/v2\/pages\/34\/revisions\/43"}],"wp:attachment":[{"href":"https:\/\/mohay.suli2.net\/index.php\/wp-json\/wp\/v2\/media?parent=34"}],"curies":[{"name":"wp","href":"https:\/\/api.w.org\/{rel}","templated":true}]}}